{"id":26,"date":"2024-05-28T11:20:26","date_gmt":"2024-05-28T11:20:26","guid":{"rendered":"https:\/\/encontrameviajando.com\/?page_id=26"},"modified":"2024-09-03T16:17:15","modified_gmt":"2024-09-03T16:17:15","slug":"homepage","status":"publish","type":"page","link":"https:\/\/encontrameviajando.com\/","title":{"rendered":"Homepage"},"content":{"rendered":"\n<div class=\"wp-block-cover alignfull is-light\" style=\"min-height:100vh;aspect-ratio:unset;\"><span aria-hidden=\"true\" class=\"wp-block-cover__background has-background-dim-20 has-background-dim\" style=\"background-color:#FFF\"><\/span><video class=\"wp-block-cover__video-background intrinsic-ignore\" autoplay muted loop playsinline src=\"https:\/\/encontrameviajando.com\/wp-content\/uploads\/2024\/05\/2344549-hd_1280_720_25fps-1.mp4\" data-object-fit=\"cover\"><\/video><div class=\"wp-block-cover__inner-container has-global-padding is-layout-constrained wp-block-cover-is-layout-constrained\">\n<h2 class=\"wp-block-heading has-text-align-center has-primary-color has-text-color has-x-large-font-size\" style=\"font-style:normal;font-weight:500\">Cada destino es distinto. Cada viaje es especial.<\/h2>\n\n\n\n<h2 class=\"wp-block-heading has-text-align-center has-white-color has-text-color\" style=\"font-size:clamp(18.959px, 1.185rem + ((1vw - 3.2px) * 0.977), 30px);\">Les doy la bienvenida a leer mis experiencias viajando por el mundo <\/h2>\n\n\n\n<div style=\"height:55px\" aria-hidden=\"true\" class=\"wp-block-spacer\"><\/div>\n\n\n\n<div class=\"wp-block-buttons is-content-justification-center is-layout-flex wp-container-core-buttons-is-layout-a89b3969 wp-block-buttons-is-layout-flex\">\n<div class=\"wp-block-button is-style-outline is-style-outline--1\"><a class=\"wp-block-button__link has-white-color has-text-color wp-element-button\" href=\"https:\/\/encontrameviajando.com\/?page_id=29\" style=\"border-radius:0px\">Viajemos<\/a><\/div>\n<\/div>\n<\/div><\/div>\n\n\n\n<div class=\"wp-block-group has-global-padding is-layout-constrained wp-block-group-is-layout-constrained\">\n<div style=\"height:57px\" aria-hidden=\"true\" class=\"wp-block-spacer\"><\/div>\n\n\n\n<h2 class=\"wp-block-heading has-text-align-center has-secondary-color has-text-color has-link-color has-large-font-size wp-elements-008abafc231655cb36fbad6e2ec6bf42\" style=\"letter-spacing:1px\">Soy Florencia, bellydancer y viajera inquieta, aqu\u00ed te cuento como comenz\u00f3 todo<\/h2>\n\n\n\n<p class=\"has-text-align-center\">Soy Argentina y actualmente me encuentro viviendo en Dubai donde trabajo de bailarina de Danzas \u00c1rabes. S\u00ed, una locura! Me apasiona conocer nuevas culturas, comidas y paisajes, as\u00ed que cada vez que tengo unos d\u00edas aprovecho para recorrer. Te cuento m\u00e1s?<\/p>\n\n\n\n<div class=\"wp-block-buttons is-horizontal is-content-justification-center is-layout-flex wp-container-core-buttons-is-layout-03627597 wp-block-buttons-is-layout-flex\">\n<div class=\"wp-block-button has-custom-font-size is-style-outline has-small-font-size is-style-outline--2\"><a class=\"wp-block-button__link wp-element-button\" href=\"https:\/\/encontrameviajando.com\/?page_id=27\" style=\"border-radius:0px\">Un poco sobre m\u00ed&#8230;<\/a><\/div>\n<\/div>\n<\/div>\n\n\n\n<div class=\"wp-block-group alignfull pattern_multiple_covers has-lightgrey-background-color has-background has-global-padding is-layout-constrained wp-block-group-is-layout-constrained\" id=\"services\">\n<div style=\"height:84px\" aria-hidden=\"true\" class=\"wp-block-spacer\"><\/div>\n\n\n\n<p class=\"has-text-align-left has-secondary-color has-text-color has-medium-font-size\" style=\"letter-spacing:1px\">VIAJEMOS JUNTOS!<\/p>\n\n\n\n<h2 class=\"wp-block-heading has-text-align-left\">Acompa\u00f1ame en cada relato de mis viajes y te mostrar\u00e9 un poco del mundo desde mi mirada<\/h2>\n\n\n\n<p class=\"has-text-align-left\">A continuaci\u00f3n, les dejo mis posteos m\u00e1s recientes a diferentes destinos desde mi vivencia. En cada post hablo no solo del destino tur\u00edsticamente, sino un poco m\u00e1s all\u00e1 cont\u00e1ndote lo que yo viv\u00ed ah\u00ed, tanto bueno como malo. Experiencias en primera persona y los aprendizajes que me brindaron la info que me hubiera gustado saber antes de ir.<\/p>\n\n\n\n<div style=\"height:46px\" aria-hidden=\"true\" class=\"wp-block-spacer\"><\/div>\n\n\n\n<div class=\"wp-block-columns is-layout-flex wp-container-core-columns-is-layout-28f84493 wp-block-columns-is-layout-flex\">\n<div class=\"wp-block-column is-layout-flow wp-block-column-is-layout-flow\" style=\"padding-top:0;padding-right:0;padding-bottom:0;padding-left:0\">\n<div class=\"wp-block-cover has-custom-content-position is-position-bottom-left\" style=\"padding-top:var(--wp--preset--spacing--small);padding-right:var(--wp--preset--spacing--x-small);padding-bottom:var(--wp--preset--spacing--small);padding-left:var(--wp--preset--spacing--x-small)\"><span aria-hidden=\"true\" class=\"wp-block-cover__background has-primary-background-color has-background-dim-70 has-background-dim\"><\/span><img fetchpriority=\"high\" decoding=\"async\" width=\"400\" height=\"883\" class=\"wp-block-cover__image-background wp-image-470\" alt=\"\" src=\"https:\/\/encontrameviajando.com\/wp-content\/uploads\/2024\/08\/IMG_20240724_140847-1.jpg\" data-object-fit=\"cover\" srcset=\"https:\/\/encontrameviajando.com\/wp-content\/uploads\/2024\/08\/IMG_20240724_140847-1.jpg 400w, https:\/\/encontrameviajando.com\/wp-content\/uploads\/2024\/08\/IMG_20240724_140847-1-136x300.jpg 136w\" sizes=\"(max-width: 400px) 100vw, 400px\" \/><div class=\"wp-block-cover__inner-container is-layout-flow wp-block-cover-is-layout-flow\">\n<h3 class=\"wp-block-heading has-white-color has-text-color has-link-color has-large-font-size wp-elements-b0115c6fca881745e38220e00121b8fe\" style=\"margin-top:0;margin-right:0;margin-bottom:0;margin-left:0\"><a href=\"https:\/\/encontrameviajando.com\/?p=403\" data-type=\"post\" data-id=\"403\">Cerde<strong>\u00f1a<\/strong><\/a><\/h3>\n\n\n\n<p class=\"has-secondary-color has-text-color has-link-color wp-elements-69821af9ebb7826f61e9ea79bbc91b5e\" style=\"margin-top:0;margin-right:0;margin-bottom:0;margin-left:0\"><a href=\"https:\/\/encontrameviajando.com\/?p=403\" data-type=\"post\" data-id=\"403\">Leer \u2192<\/a><\/p>\n<\/div><\/div>\n<\/div>\n\n\n\n<div class=\"wp-block-column is-layout-flow wp-block-column-is-layout-flow\" style=\"padding-top:0;padding-right:0;padding-bottom:0;padding-left:0\">\n<div class=\"wp-block-cover has-custom-content-position is-position-bottom-left\" style=\"padding-top:var(--wp--preset--spacing--small);padding-right:var(--wp--preset--spacing--x-small);padding-bottom:var(--wp--preset--spacing--small);padding-left:var(--wp--preset--spacing--x-small)\"><span aria-hidden=\"true\" class=\"wp-block-cover__background has-primary-background-color has-background-dim-70 has-background-dim\"><\/span><img decoding=\"async\" width=\"401\" height=\"885\" class=\"wp-block-cover__image-background wp-image-139\" alt=\"\" src=\"https:\/\/encontrameviajando.com\/wp-content\/uploads\/2024\/06\/IMG_20240311_140952.jpg\" data-object-fit=\"cover\" srcset=\"https:\/\/encontrameviajando.com\/wp-content\/uploads\/2024\/06\/IMG_20240311_140952.jpg 401w, https:\/\/encontrameviajando.com\/wp-content\/uploads\/2024\/06\/IMG_20240311_140952-136x300.jpg 136w\" sizes=\"(max-width: 401px) 100vw, 401px\" \/><div class=\"wp-block-cover__inner-container is-layout-flow wp-block-cover-is-layout-flow\">\n<h3 class=\"wp-block-heading has-white-color has-text-color has-link-color has-large-font-size wp-elements-7aa39bb2244d8f5757f86857fa8399e8\" style=\"margin-top:0;margin-right:0;margin-bottom:0;margin-left:0\"><a href=\"https:\/\/encontrameviajando.com\/?p=485\" data-type=\"post\" data-id=\"485\">Bali<\/a><\/h3>\n\n\n\n<p class=\"has-secondary-color has-text-color has-link-color wp-elements-f1e6b8bf7c5d8e4f139f90f4cbb75944\" style=\"margin-top:0;margin-right:0;margin-bottom:0;margin-left:0\"><a href=\"https:\/\/encontrameviajando.com\/?p=485\" data-type=\"post\" data-id=\"485\">Leer \u2192<\/a><\/p>\n<\/div><\/div>\n<\/div>\n\n\n\n<div class=\"wp-block-column is-layout-flow wp-block-column-is-layout-flow\" style=\"padding-top:0;padding-right:0;padding-bottom:0;padding-left:0\">\n<div class=\"wp-block-cover has-custom-content-position is-position-bottom-left\" style=\"padding-top:var(--wp--preset--spacing--small);padding-right:var(--wp--preset--spacing--x-small);padding-bottom:var(--wp--preset--spacing--small);padding-left:var(--wp--preset--spacing--x-small)\"><span aria-hidden=\"true\" class=\"wp-block-cover__background has-primary-background-color has-background-dim-70 has-background-dim\"><\/span><img decoding=\"async\" width=\"400\" height=\"883\" class=\"wp-block-cover__image-background wp-image-249\" alt=\"\" src=\"https:\/\/encontrameviajando.com\/wp-content\/uploads\/2024\/08\/IMG_20240318_141548.jpg\" data-object-fit=\"cover\" srcset=\"https:\/\/encontrameviajando.com\/wp-content\/uploads\/2024\/08\/IMG_20240318_141548.jpg 400w, https:\/\/encontrameviajando.com\/wp-content\/uploads\/2024\/08\/IMG_20240318_141548-136x300.jpg 136w\" sizes=\"(max-width: 400px) 100vw, 400px\" \/><div class=\"wp-block-cover__inner-container is-layout-flow wp-block-cover-is-layout-flow\">\n<h3 class=\"wp-block-heading has-white-color has-text-color has-link-color has-large-font-size wp-elements-84550dc1f88217b6a09f8bc796fb1716\" style=\"margin-top:0;margin-right:0;margin-bottom:0;margin-left:0;text-decoration:none\"><a href=\"https:\/\/encontrameviajando.com\/?p=269\" data-type=\"post\" data-id=\"269\">Bangkok<\/a><\/h3>\n\n\n\n<p class=\"has-secondary-color has-text-color has-link-color wp-elements-5749781e359900bb72478a9df3dd3b06\" style=\"margin-top:0;margin-right:0;margin-bottom:0;margin-left:0\"><a href=\"https:\/\/encontrameviajando.com\/?p=269\" data-type=\"post\" data-id=\"269\">Leer \u2192<\/a><\/p>\n<\/div><\/div>\n<\/div>\n<\/div>\n<\/div>\n\n\n\n<div class=\"wp-block-group alignfull has-lightgrey-background-color has-background has-global-padding is-layout-constrained wp-block-group-is-layout-constrained\">\n<div class=\"wp-block-group has-global-padding is-layout-constrained wp-block-group-is-layout-constrained\" style=\"padding-top:var(--wp--preset--spacing--small);padding-bottom:var(--wp--preset--spacing--small)\">\n<div class=\"wp-block-columns is-layout-flex wp-container-core-columns-is-layout-c375d253 wp-block-columns-is-layout-flex\">\n<div class=\"wp-block-column is-vertically-aligned-center is-layout-flow wp-block-column-is-layout-flow\">\n<h2 class=\"wp-block-heading has-large-font-size\" style=\"text-transform:uppercase\"><a href=\"https:\/\/encontrameviajando.com\/?p=277\" data-type=\"post\" data-id=\"277\">Dubai<\/a><\/h2>\n\n\n\n<p>Entre rascacielos y arena est\u00e1 esta ciudad cosmopolita que me atrevo a hoy llamar casa. Quiero ac\u00e1 darles m\u00e1s motivos para visitarla y contarles que no solo es para ricos, sino que con todas las billeteras se pueden pasar unos lindos y exc\u00e9ntricos d\u00edas!<\/p>\n\n\n\n<div class=\"wp-block-buttons is-horizontal is-content-justification-left is-layout-flex wp-container-core-buttons-is-layout-20be11b6 wp-block-buttons-is-layout-flex\">\n<div class=\"wp-block-button is-style-outline is-style-outline--3\"><a class=\"wp-block-button__link wp-element-button\" href=\"https:\/\/encontrameviajando.com\/?p=277\" style=\"border-radius:0px\">Mostrame m\u00e1s!<\/a><\/div>\n<\/div>\n\n\n\n<p><\/p>\n<\/div>\n\n\n\n<div class=\"wp-block-column is-layout-flow wp-block-column-is-layout-flow\">\n<figure class=\"wp-block-image size-large\"><img loading=\"lazy\" decoding=\"async\" width=\"2560\" height=\"1920\" src=\"https:\/\/encontrameviajando.com\/wp-content\/uploads\/2024\/05\/IMG_20210425_183848-edited-scaled.jpg\" alt=\"\" class=\"wp-image-60\" srcset=\"https:\/\/encontrameviajando.com\/wp-content\/uploads\/2024\/05\/IMG_20210425_183848-edited-scaled.jpg 2560w, https:\/\/encontrameviajando.com\/wp-content\/uploads\/2024\/05\/IMG_20210425_183848-edited-300x225.jpg 300w, https:\/\/encontrameviajando.com\/wp-content\/uploads\/2024\/05\/IMG_20210425_183848-edited-1024x768.jpg 1024w, https:\/\/encontrameviajando.com\/wp-content\/uploads\/2024\/05\/IMG_20210425_183848-edited-2000x1500.jpg 2000w\" sizes=\"(max-width: 2560px) 100vw, 2560px\" \/><\/figure>\n<\/div>\n<\/div>\n<\/div>\n<\/div>\n\n\n\n<div class=\"wp-block-group alignfull has-lightgrey-background-color has-background has-global-padding is-layout-constrained wp-block-group-is-layout-constrained\">\n<div class=\"wp-block-group has-global-padding is-layout-constrained wp-block-group-is-layout-constrained\" style=\"padding-top:var(--wp--preset--spacing--small);padding-bottom:var(--wp--preset--spacing--small)\">\n<div class=\"wp-block-columns are-vertically-aligned-center is-layout-flex wp-container-core-columns-is-layout-c375d253 wp-block-columns-is-layout-flex\">\n<div class=\"wp-block-column is-vertically-aligned-center is-layout-flow wp-block-column-is-layout-flow\">\n<figure class=\"wp-block-image size-large\"><img loading=\"lazy\" decoding=\"async\" width=\"1024\" height=\"768\" src=\"https:\/\/encontrameviajando.com\/wp-content\/uploads\/2024\/05\/IMG_20190124_104633885-1024x768.jpg\" alt=\"\" class=\"wp-image-61\" srcset=\"https:\/\/encontrameviajando.com\/wp-content\/uploads\/2024\/05\/IMG_20190124_104633885-1024x768.jpg 1024w, https:\/\/encontrameviajando.com\/wp-content\/uploads\/2024\/05\/IMG_20190124_104633885-300x225.jpg 300w, https:\/\/encontrameviajando.com\/wp-content\/uploads\/2024\/05\/IMG_20190124_104633885-2000x1500.jpg 2000w\" sizes=\"(max-width: 1024px) 100vw, 1024px\" \/><\/figure>\n<\/div>\n\n\n\n<div class=\"wp-block-column is-vertically-aligned-center is-layout-flow wp-block-column-is-layout-flow\">\n<h2 class=\"wp-block-heading has-large-font-size\" style=\"text-transform:uppercase\"><a href=\"https:\/\/encontrameviajando.com\/?p=290\" data-type=\"post\" data-id=\"290\">Bariloche<\/a><\/h2>\n\n\n\n<p>La ciudad donde tuve el privilegio de nacer es un para\u00edso digno de ser visto por todos! Entre naturaleza, chocolates, monta\u00f1as y cerveza los invito a pasear un rato por mi casa.<\/p>\n\n\n\n<div class=\"wp-block-buttons is-layout-flex wp-block-buttons-is-layout-flex\">\n<div class=\"wp-block-button is-style-outline is-style-outline--4\"><a class=\"wp-block-button__link wp-element-button\" href=\"https:\/\/encontrameviajando.com\/?p=290\" style=\"border-radius:0px\">A ver?<\/a><\/div>\n<\/div>\n<\/div>\n<\/div>\n\n\n\n<div style=\"height:30px\" aria-hidden=\"true\" class=\"wp-block-spacer\"><\/div>\n<\/div>\n<\/div>\n\n\n\n<div class=\"wp-block-cover alignfull has-parallax is-position-center-center\" style=\"border-radius:0px\"><span aria-hidden=\"true\" class=\"wp-block-cover__background has-black-background-color has-background-dim-40 has-background-dim\"><\/span><div class=\"wp-block-cover__image-background wp-image-65 has-parallax\" style=\"background-position:50% 50%;background-image:url(https:\/\/encontrameviajando.com\/wp-content\/uploads\/2024\/05\/pexels-sebastian-189349-1-1.jpg)\"><\/div><div class=\"wp-block-cover__inner-container is-layout-flow wp-block-cover-is-layout-flow\">\n<div class=\"wp-block-group has-global-padding is-layout-constrained wp-block-group-is-layout-constrained\">\n<h3 class=\"wp-block-heading has-text-align-center has-text-color has-large-font-size\" style=\"color:#fffffa;text-transform:uppercase\">Necesitas asistencia para tu viaje?<\/h3>\n\n\n\n<p class=\"has-text-align-center has-white-color has-text-color\">\u00a1Llegaste al lugar indicado! Contactame y organicemos tu pr\u00f3ximo viaje. <\/p>\n\n\n\n<p class=\"has-text-align-center has-white-color has-text-color\">Te ayudo a planear todo de acuerdo con tus preferencias, tu presupuesto, tiempo y dem\u00e1s requisitos. Mi objetivo es que viajes tranquilo y asistirte tanto antes como durante y despu\u00e9s de tu recorrido. Escribime y hagamos del pr\u00f3ximo destino una bella experiencia!<\/p>\n\n\n\n<div style=\"height:31px\" aria-hidden=\"true\" class=\"wp-block-spacer\"><\/div>\n\n\n\n<div class=\"wp-block-buttons is-horizontal is-content-justification-center is-layout-flex wp-container-core-buttons-is-layout-03627597 wp-block-buttons-is-layout-flex\">\n<div class=\"wp-block-button is-style-outline is-style-outline--5\"><a class=\"wp-block-button__link has-white-color has-text-color wp-element-button\" href=\"#\" style=\"border-radius:0px\">QUIERO CONTACTARTE!<\/a><\/div>\n<\/div>\n<\/div>\n<\/div><\/div>\n\n\n\n<div style=\"height:74px\" aria-hidden=\"true\" class=\"wp-block-spacer\"><\/div>\n\n\n\n<div class=\"wp-block-group alignfull portfolio-dark has-black-background-color has-background has-global-padding is-layout-constrained wp-block-group-is-layout-constrained\" id=\"portfolio\" style=\"margin-top:0px\">\n<div style=\"height:45px\" aria-hidden=\"true\" class=\"wp-block-spacer\"><\/div>\n\n\n\n<p class=\"has-text-align-left has-text-color has-medium-font-size\" style=\"color:#0bb4aa;letter-spacing:1px\">Ahora quiero saber que les pareci\u00f3, sugerencias y lo que quieran!<\/p>\n\n\n\n<h2 class=\"wp-block-heading has-text-align-left has-white-color has-text-color has-large-font-size\">Comentarios<\/h2>\n\n\n\n<div class=\"wp-block-comments\">\n\n\n\n\n\n\t<div id=\"respond\" class=\"comment-respond wp-block-post-comments-form\">\n\t\t<h3 id=\"reply-title\" class=\"comment-reply-title\">Deja un comentario <small><a rel=\"nofollow\" id=\"cancel-comment-reply-link\" href=\"\/index.php?rest_route=%2Fwp%2Fv2%2Fpages%2F26#respond\" style=\"display:none;\">Cancelar respuesta<\/a><\/small><\/h3><form action=\"https:\/\/encontrameviajando.com\/wp-comments-post.php\" method=\"post\" id=\"commentform\" class=\"comment-form\"><p class=\"comment-notes\"><span id=\"email-notes\">Tu direcci\u00f3n de correo electr\u00f3nico no ser\u00e1 publicada.<\/span> <span class=\"required-field-message\">Los campos obligatorios est\u00e1n marcados con <span class=\"required\">*<\/span><\/span><\/p><p class=\"comment-form-comment\"><label for=\"comment\">Comentario <span class=\"required\">*<\/span><\/label> <textarea id=\"comment\" name=\"comment\" cols=\"45\" rows=\"8\" maxlength=\"65525\" required><\/textarea><\/p><p class=\"comment-form-author\"><label for=\"author\">Nombre <span class=\"required\">*<\/span><\/label> <input id=\"author\" name=\"author\" type=\"text\" value=\"\" size=\"30\" maxlength=\"245\" autocomplete=\"name\" required \/><\/p>\n<p class=\"comment-form-email\"><label for=\"email\">Correo electr\u00f3nico <span class=\"required\">*<\/span><\/label> <input id=\"email\" name=\"email\" type=\"email\" value=\"\" size=\"30\" maxlength=\"100\" aria-describedby=\"email-notes\" autocomplete=\"email\" required \/><\/p>\n<p class=\"comment-form-url\"><label for=\"url\">Web<\/label> <input id=\"url\" name=\"url\" type=\"url\" value=\"\" size=\"30\" maxlength=\"200\" autocomplete=\"url\" \/><\/p>\n<p class=\"comment-form-cookies-consent\"><input id=\"wp-comment-cookies-consent\" name=\"wp-comment-cookies-consent\" type=\"checkbox\" value=\"yes\" \/> <label for=\"wp-comment-cookies-consent\">Guardar mi nombre, correo electr\u00f3nico y sitio web en este navegador para la pr\u00f3xima vez que haga un comentario.<\/label><\/p>\n<p class=\"form-submit\"><input name=\"submit\" type=\"submit\" id=\"submit\" class=\"submit\" value=\"Publicar comentario\" \/> <input type='hidden' name='comment_post_ID' value='26' id='comment_post_ID' \/>\n<input type='hidden' name='comment_parent' id='comment_parent' value='0' \/>\n<\/p><\/form>\t<\/div><!-- #respond -->\n\t<\/div>\n\n\n\n<div style=\"height:50px\" aria-hidden=\"true\" class=\"wp-block-spacer\"><\/div>\n<\/div>\n\n\n\n<hr class=\"wp-block-separator has-alpha-channel-opacity\"\/>\n","protected":false},"excerpt":{"rendered":"<p>Soy Florencia, bellydancer y viajera inquieta, aqu\u00ed te cuento como comenz\u00f3 todo Soy Argentina y actualmente me encuentro viviendo en Dubai donde trabajo de bailarina de Danzas \u00c1rabes. S\u00ed, una locura! Me apasiona conocer nuevas culturas, comidas y paisajes, as\u00ed que cada vez que tengo unos d\u00edas aprovecho para recorrer. Te cuento m\u00e1s? VIAJEMOS JUNTOS! &hellip; <\/p>\n<p class=\"link-more\"><a href=\"https:\/\/encontrameviajando.com\/\" class=\"more-link\">Read more<span class=\"screen-reader-text\"> &#8220;Homepage&#8221;<\/span><\/a><\/p>\n","protected":false},"author":1,"featured_media":0,"parent":0,"menu_order":0,"comment_status":"open","ping_status":"closed","template":"page-templates\/homepage-no-hero.php","meta":{"inspiro_hide_title":false,"footnotes":""},"class_list":["post-26","page","type-page","status-publish","hentry"],"_links":{"self":[{"href":"https:\/\/encontrameviajando.com\/index.php?rest_route=\/wp\/v2\/pages\/26","targetHints":{"allow":["GET"]}}],"collection":[{"href":"https:\/\/encontrameviajando.com\/index.php?rest_route=\/wp\/v2\/pages"}],"about":[{"href":"https:\/\/encontrameviajando.com\/index.php?rest_route=\/wp\/v2\/types\/page"}],"author":[{"embeddable":true,"href":"https:\/\/encontrameviajando.com\/index.php?rest_route=\/wp\/v2\/users\/1"}],"replies":[{"embeddable":true,"href":"https:\/\/encontrameviajando.com\/index.php?rest_route=%2Fwp%2Fv2%2Fcomments&post=26"}],"version-history":[{"count":36,"href":"https:\/\/encontrameviajando.com\/index.php?rest_route=\/wp\/v2\/pages\/26\/revisions"}],"predecessor-version":[{"id":543,"href":"https:\/\/encontrameviajando.com\/index.php?rest_route=\/wp\/v2\/pages\/26\/revisions\/543"}],"wp:attachment":[{"href":"https:\/\/encontrameviajando.com\/index.php?rest_route=%2Fwp%2Fv2%2Fmedia&parent=26"}],"curies":[{"name":"wp","href":"https:\/\/api.w.org\/{rel}","templated":true}]}}