{"id":27,"date":"2024-05-28T11:20:26","date_gmt":"2024-05-28T11:20:26","guid":{"rendered":"https:\/\/encontrameviajando.com\/?page_id=27"},"modified":"2025-10-07T06:38:42","modified_gmt":"2025-10-07T06:38:42","slug":"about","status":"publish","type":"page","link":"https:\/\/encontrameviajando.com\/?page_id=27","title":{"rendered":"Un poco sobre m\u00ed&#8230;"},"content":{"rendered":"\n<h2 class=\"wp-block-heading has-large-font-size\" id=\"inspiro-is-a-digital-product-agency-that-focuses-on-strategy-and-design\" style=\"font-style:normal;font-weight:100\"><strong>Me llamo Florencia y soy Argentina. Actualmente vivo en Dubai y soy asesora de viajes y bailarina profesional de Danzas \u00c1rabes<\/strong><\/h2>\n\n\n\n<div style=\"height:56px\" aria-hidden=\"true\" class=\"wp-block-spacer\"><\/div>\n\n\n\n<p>Hola a todos! Mi nombre es Florencia Sznur pero en Dubai, donde vivo actualmente, me conocen como Florence (es la traducci\u00f3n m\u00e1s razonable que encontr\u00e9 para mi nombre en ingl\u00e9s). Soy Argentina y llegu\u00e9 ac\u00e1 hace ya seis a\u00f1os a trabajar como bailarina de danzas \u00e1rabes. Hasta el d\u00eda de hoy mantengo esta carrera con mucho \u00e9xito y agradecimiento, trabajando en variedad de restaurantes, hoteles, campamentos en el desierto, clubes y eventos. Definitivamente es una de mis grandes pasiones y espero me brinde muchas m\u00e1s alegr\u00edas y experiencias.\u00a0<\/p>\n\n\n\n<div class=\"wp-block-columns alignwide is-layout-flex wp-container-core-columns-is-layout-28f84493 wp-block-columns-is-layout-flex\">\n<div class=\"wp-block-column is-layout-flow wp-block-column-is-layout-flow\">\n<figure class=\"wp-block-image size-large\"><img fetchpriority=\"high\" decoding=\"async\" width=\"768\" height=\"1024\" src=\"https:\/\/encontrameviajando.com\/wp-content\/uploads\/2024\/05\/IMG_20230708_024648-768x1024.jpg\" alt=\"\" class=\"wp-image-68\" srcset=\"https:\/\/encontrameviajando.com\/wp-content\/uploads\/2024\/05\/IMG_20230708_024648-768x1024.jpg 768w, https:\/\/encontrameviajando.com\/wp-content\/uploads\/2024\/05\/IMG_20230708_024648-225x300.jpg 225w, https:\/\/encontrameviajando.com\/wp-content\/uploads\/2024\/05\/IMG_20230708_024648-2000x2667.jpg 2000w, https:\/\/encontrameviajando.com\/wp-content\/uploads\/2024\/05\/IMG_20230708_024648-scaled.jpg 1920w\" sizes=\"(max-width: 768px) 100vw, 768px\" \/><\/figure>\n<\/div>\n\n\n\n<div class=\"wp-block-column is-layout-flow wp-block-column-is-layout-flow\">\n<figure class=\"wp-block-image size-full\"><img decoding=\"async\" width=\"590\" height=\"787\" src=\"https:\/\/encontrameviajando.com\/wp-content\/uploads\/2024\/05\/PET02426-edited.jpg\" alt=\"\" class=\"wp-image-70\" srcset=\"https:\/\/encontrameviajando.com\/wp-content\/uploads\/2024\/05\/PET02426-edited.jpg 590w, https:\/\/encontrameviajando.com\/wp-content\/uploads\/2024\/05\/PET02426-edited-225x300.jpg 225w\" sizes=\"(max-width: 590px) 100vw, 590px\" \/><\/figure>\n<\/div>\n\n\n\n<div class=\"wp-block-column is-layout-flow wp-block-column-is-layout-flow\">\n<figure class=\"wp-block-image size-large\"><img decoding=\"async\" width=\"768\" height=\"1024\" src=\"https:\/\/encontrameviajando.com\/wp-content\/uploads\/2024\/05\/IMG-20230129-WA0015-1-768x1024.jpg\" alt=\"\" class=\"wp-image-73\" srcset=\"https:\/\/encontrameviajando.com\/wp-content\/uploads\/2024\/05\/IMG-20230129-WA0015-1-768x1024.jpg 768w, https:\/\/encontrameviajando.com\/wp-content\/uploads\/2024\/05\/IMG-20230129-WA0015-1-225x300.jpg 225w, https:\/\/encontrameviajando.com\/wp-content\/uploads\/2024\/05\/IMG-20230129-WA0015-1.jpg 1200w\" sizes=\"(max-width: 768px) 100vw, 768px\" \/><\/figure>\n<\/div>\n<\/div>\n\n\n\n<p>A mis 28 a\u00f1os puedo decir que otra de las cosas que s\u00e9 que me llena el coraz\u00f3n es viajar y por ello comenc\u00e9 tambi\u00e9n como asesora de viajes, pero ya me estoy adelantando en la historia. <\/p>\n\n\n\n<p>Desde muy chica hered\u00e9 el placer por viajar y conocer el mundo. Digo hered\u00e9 porque siento que fue gran influencia en m\u00ed el deseo de mi pap\u00e1 y mam\u00e1 por hacerlo tambi\u00e9n, algo que por motivos econ\u00f3micos y de tiempo, hab\u00edan pospuesto toda su vida. Pero con mis hermanos ya mayores y ellos ya en otra etapa, al fin empez\u00f3 a fluir todo para que pudieran empezar a viajar. Y no iban a dejar a su \u00fanica hija mujer, la chiquita, sino que el plan ahora era de a tres.<\/p>\n\n\n\n<p>Como escapadas, lo primero que recuerdo es de muy chica irnos de campamento a bosques cercanos a mi ciudad natal, Bariloche, en la cual tengo mi coraz\u00f3n y seguramente les contar\u00e9 pronto porque es alucinante. All\u00ed dorm\u00edamos en carpa y cont\u00e1bamos con los m\u00ednimos recursos pero con la belleza de la naturaleza toda para nosotros. Ese placer de ver la infinidad de estrellas arriba tuyo casi cayendo en las monta\u00f1as que rodeaban el lago\u2026&nbsp;<\/p>\n\n\n\n<div class=\"wp-block-group has-global-padding is-layout-constrained wp-block-group-is-layout-constrained\">\n<figure class=\"wp-block-image alignleft size-full is-resized\"><img loading=\"lazy\" decoding=\"async\" width=\"401\" height=\"535\" src=\"https:\/\/encontrameviajando.com\/wp-content\/uploads\/2024\/05\/IMG_20231227_015541-edited.jpg\" alt=\"\" class=\"wp-image-76\" style=\"width:389px;height:auto\" srcset=\"https:\/\/encontrameviajando.com\/wp-content\/uploads\/2024\/05\/IMG_20231227_015541-edited.jpg 401w, https:\/\/encontrameviajando.com\/wp-content\/uploads\/2024\/05\/IMG_20231227_015541-edited-225x300.jpg 225w\" sizes=\"(max-width: 401px) 100vw, 401px\" \/><figcaption class=\"wp-element-caption\">Cielo estrellado de noche acampando en Bariloche<\/figcaption><\/figure>\n\n\n\n<p><\/p>\n\n\n\n<p>Ya hablando de ciudades viaj\u00e1bamos cada a\u00f1o con mi mam\u00e1 a ver a parte de la familia que vive en Buenos Aires, la capital de Argentina. A esta ciudad me mudar\u00eda yo despu\u00e9s de terminar el secundario para as\u00ed estudiar la Licenciatura en Turismo y Hoteler\u00eda de la cual me gradu\u00e9. \u00c9sta me dio herramientas y pr\u00e1cticas que ampliaron mis conocimientos y uso hasta hoy en d\u00eda.&nbsp;&nbsp;<\/p>\n\n\n\n<p>A\u00fan peque\u00f1a y con mi hermano viviendo en Brasil, pa\u00eds vecino, tambi\u00e9n junt\u00e1bamos unos d\u00edas al a\u00f1o para ir a visitarlo a pueblitos rec\u00f3nditos y playas selv\u00e1ticas. En ese entonces llegar no era nada f\u00e1cil, ya que no exist\u00edan todav\u00eda los tel\u00e9fonos celulares y buscar todo con la facilidad del wifi era impensado.&nbsp;<\/p>\n<\/div>\n\n\n\n<p>Pero el viaje que fue un punto de quiebre fue, luego, a Europa. El sue\u00f1o de muchos argentinos hijos de inmigrantes es, de hecho, volver al viejo continente y el de mis pap\u00e1s as\u00ed era. Recuerdo haber estado presente con s\u00f3lo alrededor de 12 a\u00f1os en toda la planificaci\u00f3n junto a mi mam\u00e1. Aprendiendo como sacar los pasajes m\u00e1s baratos, c\u00f3mo y por d\u00f3nde buscar alojamiento, de qu\u00e9 manera era mejor hacer el itinerario, que no nos ten\u00edamos que perder. Por supuesto, con un presupuesto acotado y corto de tiempo para todo lo que dese\u00e1bamos recorrer. Y all\u00ed tambi\u00e9n visitar familiares lejanos, parientes de mi abuelo espa\u00f1ol y de mi abuela italiana. Incluso empec\u00e9 a estudiar idioma Italiano (mi mam\u00e1 tambi\u00e9n) y franc\u00e9s para poder manejarnos mejor all\u00e1; as\u00ed tambi\u00e9n descubr\u00ed que me apasionaba aprender otros idiomas.&nbsp;<\/p>\n\n\n\n<p>Con d\u00eda por d\u00eda planeado, una valija muy grande cada uno, todas nuestras anotaciones, libros de idioma y diccionarios, partimos a un viaje muy anhelado.&nbsp;<\/p>\n\n\n\n<figure class=\"wp-block-image alignright is-resized\"><img decoding=\"async\" src=\"https:\/\/encontrameviajando.com\/wp-content\/uploads\/2024\/06\/IMG_20240603_004657_884-1024x768.jpg\" alt=\"Esta imagen tiene un atributo alt vac\u00edo; el nombre del archivo es IMG_20240603_004657_884-1024x768.jpg\" style=\"width:456px;height:auto\"\/><figcaption class=\"wp-element-caption\">Con pap\u00e1 y mam\u00e1 en Europa por primera vez<\/figcaption><\/figure>\n\n\n\n<p>\u00c9ste fue el comienzo de donde esa pasi\u00f3n por viajar, empez\u00f3 a crecer y mis pap\u00e1s, sin saberlo conscientemente, me estaban abriendo las puertas al mundo. La independencia y la libertad que hoy tengo se las debo a ellos y al empujoncito que, a pesar de muchos miedos, me dieron.<\/p>\n\n\n\n<p>S\u00e9 que muchas personas quiz\u00e1s no tuvieron la facilidad, la oportunidad o el momento y dinero para viajar pero lo desean much\u00edsimo. Aunque suene muy trillado, hay mil maneras de recorrer este mundo y cada uno de nosotros puede lograrlo con sus presupuestos, tiempos y dem\u00e1s requisitos. Lo que es infaltable para hacerlo es dar el primer paso.<\/p>\n\n\n\n<p>Lo que pueden esperar de m\u00ed en esta web son notas s\u00f3lo de destinos que viv\u00ed en carne propia. \u00bfPor qu\u00e9? Para contarte mis experiencias; d\u00f3nde dorm\u00ed, qu\u00e9 com\u00ed, con qui\u00e9n viaje, qu\u00e9 transporte tom\u00e9, gente con la que me cruc\u00e9, problemas que tuve, qu\u00e9 llev\u00e9 en la valija y as\u00ed muchos otros detalles. Lo bueno y lo malo tambi\u00e9n en primera persona, porque las experiencias son de lo m\u00e1s valioso que puedo compartirles y quiero mostrarles el mundo desde mis ojos.\u00a0<\/p>\n\n\n\n<p>Y hace un tiempo pude materializar esa pasi\u00f3n de alguna manera. Es as\u00ed que soy asesora de viajes independiente, con el objetivo mayor de hacer tus viajes \u00fanicos y personalizados; a tu medida. Y si, as\u00ed me dejas a m\u00ed la parte engorrosa y vos solo te ocupas de disfrutar! Con el respaldo de la compa\u00f1\u00eda internacional Travel Counsellors tengo acceso a miles de proveedores en todo el mundo. Y estoy disponible 24\/7 tanto en el durante como en la previa y el post viaje. Podes mandarme tu consulta y me encantar\u00eda conocerte un poco m\u00e1s para poder planear lo mejor para vos. Les dejo mi <a href=\"https:\/\/encontrameviajando.com\/?page_id=28\" data-type=\"page\" data-id=\"28\">contacto<\/a> si quieren sacarse dudas y para que empecemos a planear esos viajes juntos!\u00a0<\/p>\n\n\n\n<p>Y son mas que bienvenidos a seguir mis notas para que viajemos un poquito juntos!<\/p>\n\n\n\n<p><\/p>\n\n\n\n<blockquote class=\"wp-block-quote is-layout-flow wp-block-quote-is-layout-flow\">\n<h2 class=\"wp-block-heading\">Les doy la bienvenida a Encontrame Viajando<\/h2>\n<\/blockquote>\n\n\n\n<div class=\"wp-block-buttons is-content-justification-center is-layout-flex wp-container-core-buttons-is-layout-a89b3969 wp-block-buttons-is-layout-flex\">\n<div class=\"wp-block-button\"><a class=\"wp-block-button__link wp-element-button\" href=\"https:\/\/encontrameviajando.com\/?page_id=29\">A ver los posts viajeros?<\/a><\/div>\n<\/div>\n\n\n\n<p><\/p>\n","protected":false},"excerpt":{"rendered":"<p>Me llamo Florencia y soy Argentina. Actualmente vivo en Dubai y soy asesora de viajes y bailarina profesional de Danzas \u00c1rabes Hola a todos! Mi nombre es Florencia Sznur pero en Dubai, donde vivo actualmente, me conocen como Florence (es la traducci\u00f3n m\u00e1s razonable que encontr\u00e9 para mi nombre en ingl\u00e9s). Soy Argentina y llegu\u00e9 &hellip; <\/p>\n<p class=\"link-more\"><a href=\"https:\/\/encontrameviajando.com\/?page_id=27\" class=\"more-link\">Read more<span class=\"screen-reader-text\"> &#8220;Un poco sobre m\u00ed&#8230;&#8221;<\/span><\/a><\/p>\n","protected":false},"author":1,"featured_media":24,"parent":0,"menu_order":0,"comment_status":"closed","ping_status":"closed","template":"","meta":{"inspiro_hide_title":false,"footnotes":""},"class_list":["post-27","page","type-page","status-publish","has-post-thumbnail","hentry"],"_links":{"self":[{"href":"https:\/\/encontrameviajando.com\/index.php?rest_route=\/wp\/v2\/pages\/27","targetHints":{"allow":["GET"]}}],"collection":[{"href":"https:\/\/encontrameviajando.com\/index.php?rest_route=\/wp\/v2\/pages"}],"about":[{"href":"https:\/\/encontrameviajando.com\/index.php?rest_route=\/wp\/v2\/types\/page"}],"author":[{"embeddable":true,"href":"https:\/\/encontrameviajando.com\/index.php?rest_route=\/wp\/v2\/users\/1"}],"replies":[{"embeddable":true,"href":"https:\/\/encontrameviajando.com\/index.php?rest_route=%2Fwp%2Fv2%2Fcomments&post=27"}],"version-history":[{"count":11,"href":"https:\/\/encontrameviajando.com\/index.php?rest_route=\/wp\/v2\/pages\/27\/revisions"}],"predecessor-version":[{"id":739,"href":"https:\/\/encontrameviajando.com\/index.php?rest_route=\/wp\/v2\/pages\/27\/revisions\/739"}],"wp:featuredmedia":[{"embeddable":true,"href":"https:\/\/encontrameviajando.com\/index.php?rest_route=\/wp\/v2\/media\/24"}],"wp:attachment":[{"href":"https:\/\/encontrameviajando.com\/index.php?rest_route=%2Fwp%2Fv2%2Fmedia&parent=27"}],"curies":[{"name":"wp","href":"https:\/\/api.w.org\/{rel}","templated":true}]}}