{"id":28,"date":"2024-05-28T11:20:26","date_gmt":"2024-05-28T11:20:26","guid":{"rendered":"https:\/\/encontrameviajando.com\/?page_id=28"},"modified":"2025-10-07T06:56:17","modified_gmt":"2025-10-07T06:56:17","slug":"contact","status":"publish","type":"page","link":"https:\/\/encontrameviajando.com\/?page_id=28","title":{"rendered":"Te puedo asesorar"},"content":{"rendered":"\n<div class=\"wp-block-group has-global-padding is-layout-constrained wp-block-group-is-layout-constrained\">\n<p>Como asesora de viajes de Travel Counsellors Dubai, mi objetivo es brindarte la mejor atenci\u00f3n y servicio posible. Me encanta que planeemos cada detalle a tu medida para crear itinerarios so\u00f1ados para vos! Tengo acceso a miles de proveedores en todo el mundo; tanto hoteles como vuelos y mont\u00f3n de experiencias. Estoy a tu disposici\u00f3n tanto antes, como en el durante y despu\u00e9s de tu viaje, atenta 24\/7 a cualquier eventualidad que pueda surgir para que no te tengas que preocupar por nada. <\/p>\n\n\n\n<p>Mi objetivo es que ese viaje que deseas hacer sea memorable!<\/p>\n\n\n\n<p class=\"has-text-color\" style=\"color:#0bb4aa\">Un poco el motivo de esto es que todos viajemos, as\u00ed que;<\/p>\n\n\n\n<h2 class=\"wp-block-heading has-large-font-size\">Contactame!<\/h2>\n\n\n\n<p>Te ayudo a planear un itinerario a tu gusto, a encontrar los mejores alojamientos para vos, el transporte que necesit\u00e1s y todas las actividades! Todo hecho espec\u00edficamente para vos luego de conocerte un poco mas y saber tus expectativas. Adem\u00e1s te voy a aportar toda la data que ten\u00e9s que saber para estar tranquilo; desde qu\u00e9 ropa llevar, enchufes, horarios, clima y muchos m\u00e1s tips. No dudes en escribirme para empezar a planear tu viaje y hacerlo realidad!<br><\/p>\n<\/div>\n\n\n\n<div class=\"wp-block-group alignfull has-global-padding is-layout-constrained wp-container-core-group-is-layout-19e250f3 wp-block-group-is-layout-constrained\">\n<div class=\"wp-block-columns alignfull are-vertically-aligned-center has-light-background-background-color has-background is-layout-flex wp-container-core-columns-is-layout-dd282781 wp-block-columns-is-layout-flex\" style=\"padding-top:0;padding-right:0;padding-bottom:0;padding-left:0\">\n<div class=\"wp-block-column is-vertically-aligned-center map-grayscale is-layout-flow wp-block-column-is-layout-flow\" style=\"flex-basis:50%\">\n<figure class=\"wp-block-image alignright size-full is-resized\"><img fetchpriority=\"high\" decoding=\"async\" width=\"590\" height=\"885\" src=\"https:\/\/encontrameviajando.com\/wp-content\/uploads\/2024\/05\/5X0A5670-3-edited.jpg\" alt=\"\" class=\"wp-image-86\" style=\"width:449px;height:auto\" srcset=\"https:\/\/encontrameviajando.com\/wp-content\/uploads\/2024\/05\/5X0A5670-3-edited.jpg 590w, https:\/\/encontrameviajando.com\/wp-content\/uploads\/2024\/05\/5X0A5670-3-edited-200x300.jpg 200w\" sizes=\"(max-width: 590px) 100vw, 590px\" \/><\/figure>\n<\/div>\n\n\n\n<div class=\"wp-block-column is-vertically-aligned-center is-layout-flow wp-block-column-is-layout-flow\" style=\"padding-top:var(--wp--preset--spacing--small);padding-right:var(--wp--preset--spacing--small);padding-bottom:var(--wp--preset--spacing--small);padding-left:2%;flex-basis:50%\">\n<h3 class=\"wp-block-heading has-large-font-size\">Florencia Sznur &#8211; Travel Counsellor<\/h3>\n\n\n\n<h3 class=\"wp-block-heading\" style=\"font-size:clamp(14px, 0.875rem + ((1vw - 3.2px) * 0.531), 20px);\">Instagram<\/h3>\n\n\n\n<p><a href=\"https:\/\/www.instagram.com\/florencia.travels\/\">florencia.travels<\/a><\/p>\n\n\n\n<h3 class=\"wp-block-heading\" style=\"font-size:clamp(14px, 0.875rem + ((1vw - 3.2px) * 0.531), 20px);\"><strong>Email<\/strong><\/h3>\n\n\n\n<p><a href=\"mailto:florencia.sznur@travelcounsellors.ae\">florencia.sznur@travelcounsellors.ae<\/a><\/p>\n\n\n\n<h3 class=\"wp-block-heading\" style=\"font-size:clamp(14px, 0.875rem + ((1vw - 3.2px) * 0.531), 20px);\">Facebook<\/h3>\n\n\n\n<p><a href=\"https:\/\/www.facebook.com\/florenciatravelcounsellor\" data-type=\"link\" data-id=\"https:\/\/www.facebook.com\/florenciatravelcounsellor\">Florencia Travel Counsellor<\/a><\/p>\n\n\n\n<h2 class=\"wp-block-heading\" style=\"font-size:clamp(14px, 0.875rem + ((1vw - 3.2px) * 0.531), 20px);\">Travel Counsellors web<\/h2>\n\n\n\n<p><a href=\"https:\/\/www.travelcounsellors.ae\/florencia.sznur\/\">Florencia Sznur<\/a><\/p>\n<\/div>\n<\/div>\n\n\n\n<p><\/p>\n<\/div>\n\n\n\n<div class=\"wp-block-group alignfull has-background has-global-padding is-layout-constrained wp-block-group-is-layout-constrained\" style=\"background-color:#f9f9f9\">\n<div class=\"wp-block-group is-layout-flow wp-block-group-is-layout-flow\">\n<div style=\"height:69px\" aria-hidden=\"true\" class=\"wp-block-spacer\"><\/div>\n\n\n\n<div class=\"wp-block-columns is-layout-flex wp-container-core-columns-is-layout-28f84493 wp-block-columns-is-layout-flex\">\n<div class=\"wp-block-column is-layout-flow wp-block-column-is-layout-flow\">\n<p class=\"has-text-align-left has-text-color\" style=\"color:#0bb4aa\">MI MAPAMUNDI<\/p>\n\n\n\n<h2 class=\"wp-block-heading has-text-align-left has-large-font-size\">Lugares que visite<\/h2>\n\n\n\n<p>Estos son los pa\u00edses a los que viaj\u00e9 y en los que tengo m\u00e1s experiencia por lo vivido en primera mano. Contactame y te puedo pasar toda la data en profundidad.<\/p>\n<\/div>\n<\/div>\n<\/div>\n<\/div>\n\n\n\n<div class=\"wp-block-columns is-layout-flex wp-container-core-columns-is-layout-28f84493 wp-block-columns-is-layout-flex\">\n<div class=\"wp-block-column is-layout-flow wp-block-column-is-layout-flow\">\n<ul class=\"wp-block-list\">\n<li style=\"font-style:normal;font-weight:600;line-height:2.1\">Argentina<\/li>\n\n\n\n<li style=\"font-style:normal;font-weight:600;line-height:2.1\">Brasil<\/li>\n\n\n\n<li style=\"font-style:normal;font-weight:600;line-height:2.1\">Chile<\/li>\n\n\n\n<li style=\"font-style:normal;font-weight:600;line-height:2.1\">Rep\u00fablica Dominicana<\/li>\n\n\n\n<li style=\"font-style:normal;font-weight:600;line-height:2.1\">Aruba<\/li>\n\n\n\n<li style=\"font-style:normal;font-weight:600;line-height:2.1\">Puerto Rico<\/li>\n\n\n\n<li style=\"font-style:normal;font-weight:600;line-height:2.1\">Estados Unidos<\/li>\n\n\n\n<li style=\"font-style:normal;font-weight:600;line-height:2.1\">Tailandia<\/li>\n\n\n\n<li style=\"font-style:normal;font-weight:600;line-height:2.1\">Indonesia<\/li>\n\n\n\n<li><strong>Malasia<\/strong><\/li>\n\n\n\n<li><strong>Macao<\/strong><\/li>\n\n\n\n<li><strong>Hong Kong<\/strong><\/li>\n\n\n\n<li style=\"font-style:normal;font-weight:600;line-height:2.1\">Espa<strong>\u00f1<\/strong>a<\/li>\n\n\n\n<li style=\"font-style:normal;font-weight:600;line-height:2.1\">Francia<\/li>\n\n\n\n<li style=\"font-style:normal;font-weight:600;line-height:2.1\">Italia<\/li>\n\n\n\n<li style=\"font-style:normal;font-weight:600;line-height:2.1\">Grecia<\/li>\n\n\n\n<li><strong>Inglaterra<\/strong><\/li>\n\n\n\n<li><strong>Paises bajos<\/strong><\/li>\n\n\n\n<li style=\"font-style:normal;font-weight:600;line-height:2.1\">Turqu\u00eda<\/li>\n\n\n\n<li><strong>Qatar<\/strong><\/li>\n\n\n\n<li style=\"font-style:normal;font-weight:600;line-height:2.1\">L\u00edbano<\/li>\n\n\n\n<li style=\"font-style:normal;font-weight:600;line-height:2.1\">Kurdist\u00e1n<\/li>\n\n\n\n<li style=\"font-style:normal;font-weight:700\">Marruecos<\/li>\n\n\n\n<li><strong>Maldivas<\/strong><\/li>\n\n\n\n<li style=\"font-style:normal;font-weight:600;line-height:2.1\">Emiratos \u00c1rabes Unidos<\/li>\n<\/ul>\n<\/div>\n\n\n\n<div class=\"wp-block-column is-layout-flow wp-block-column-is-layout-flow\">\n<figure class=\"wp-block-image size-full\"><img decoding=\"async\" width=\"496\" height=\"661\" src=\"https:\/\/encontrameviajando.com\/wp-content\/uploads\/2024\/09\/IMG-20240723-WA0029-1.jpg\" alt=\"\" class=\"wp-image-552\" srcset=\"https:\/\/encontrameviajando.com\/wp-content\/uploads\/2024\/09\/IMG-20240723-WA0029-1.jpg 496w, https:\/\/encontrameviajando.com\/wp-content\/uploads\/2024\/09\/IMG-20240723-WA0029-1-225x300.jpg 225w\" sizes=\"(max-width: 496px) 100vw, 496px\" \/><\/figure>\n<\/div>\n<\/div>\n","protected":false},"excerpt":{"rendered":"<p>Como asesora de viajes de Travel Counsellors Dubai, mi objetivo es brindarte la mejor atenci\u00f3n y servicio posible. Me encanta que planeemos cada detalle a tu medida para crear itinerarios so\u00f1ados para vos! Tengo acceso a miles de proveedores en todo el mundo; tanto hoteles como vuelos y mont\u00f3n de experiencias. Estoy a tu disposici\u00f3n &hellip; <\/p>\n<p class=\"link-more\"><a href=\"https:\/\/encontrameviajando.com\/?page_id=28\" class=\"more-link\">Read more<span class=\"screen-reader-text\"> &#8220;Te puedo asesorar&#8221;<\/span><\/a><\/p>\n","protected":false},"author":1,"featured_media":145,"parent":0,"menu_order":0,"comment_status":"closed","ping_status":"closed","template":"","meta":{"inspiro_hide_title":false,"footnotes":""},"class_list":["post-28","page","type-page","status-publish","has-post-thumbnail","hentry"],"_links":{"self":[{"href":"https:\/\/encontrameviajando.com\/index.php?rest_route=\/wp\/v2\/pages\/28","targetHints":{"allow":["GET"]}}],"collection":[{"href":"https:\/\/encontrameviajando.com\/index.php?rest_route=\/wp\/v2\/pages"}],"about":[{"href":"https:\/\/encontrameviajando.com\/index.php?rest_route=\/wp\/v2\/types\/page"}],"author":[{"embeddable":true,"href":"https:\/\/encontrameviajando.com\/index.php?rest_route=\/wp\/v2\/users\/1"}],"replies":[{"embeddable":true,"href":"https:\/\/encontrameviajando.com\/index.php?rest_route=%2Fwp%2Fv2%2Fcomments&post=28"}],"version-history":[{"count":22,"href":"https:\/\/encontrameviajando.com\/index.php?rest_route=\/wp\/v2\/pages\/28\/revisions"}],"predecessor-version":[{"id":742,"href":"https:\/\/encontrameviajando.com\/index.php?rest_route=\/wp\/v2\/pages\/28\/revisions\/742"}],"wp:featuredmedia":[{"embeddable":true,"href":"https:\/\/encontrameviajando.com\/index.php?rest_route=\/wp\/v2\/media\/145"}],"wp:attachment":[{"href":"https:\/\/encontrameviajando.com\/index.php?rest_route=%2Fwp%2Fv2%2Fmedia&parent=28"}],"curies":[{"name":"wp","href":"https:\/\/api.w.org\/{rel}","templated":true}]}}